{"id":5874,"date":"2021-12-03T12:41:26","date_gmt":"2021-12-03T09:41:26","guid":{"rendered":"https:\/\/moocwp.rtu.lv\/landing-page\/"},"modified":"2022-01-06T14:30:37","modified_gmt":"2022-01-06T11:30:37","slug":"home","status":"publish","type":"page","link":"https:\/\/mooc.rtu.lv\/lv\/home\/","title":{"rendered":"Home"},"content":{"rendered":"\t\t<div data-elementor-type=\"wp-page\" data-elementor-id=\"5874\" class=\"elementor elementor-5874\" data-elementor-post-type=\"page\">\n\t\t\t\t\t\t<section class=\"elementor-section elementor-top-section elementor-element elementor-element-f6e0abb elementor-section-boxed elementor-section-height-default elementor-section-height-default\" data-id=\"f6e0abb\" data-element_type=\"section\" data-e-type=\"section\">\n\t\t\t\t\t\t<div class=\"elementor-container elementor-column-gap-default\">\n\t\t\t\t\t<div class=\"elementor-column elementor-col-100 elementor-top-column elementor-element elementor-element-4598150\" data-id=\"4598150\" data-element_type=\"column\" data-e-type=\"column\">\n\t\t\t<div class=\"elementor-widget-wrap\">\n\t\t\t\t\t\t\t<\/div>\n\t\t<\/div>\n\t\t\t\t\t<\/div>\n\t\t<\/section>\n\t\t\t\t<section class=\"elementor-section elementor-top-section elementor-element elementor-element-82c669e elementor-section-boxed elementor-section-height-default elementor-section-height-default\" data-id=\"82c669e\" data-element_type=\"section\" data-e-type=\"section\" data-settings=\"{&quot;background_background&quot;:&quot;classic&quot;}\">\n\t\t\t\t\t\t<div class=\"elementor-container elementor-column-gap-default\">\n\t\t\t\t\t<div class=\"elementor-column elementor-col-100 elementor-top-column elementor-element elementor-element-4a118ed\" data-id=\"4a118ed\" data-element_type=\"column\" data-e-type=\"column\">\n\t\t\t<div class=\"elementor-widget-wrap elementor-element-populated\">\n\t\t\t\t\t\t<div class=\"elementor-element elementor-element-0431587 elementor-widget elementor-widget-heading\" data-id=\"0431587\" data-element_type=\"widget\" data-e-type=\"widget\" data-widget_type=\"heading.default\">\n\t\t\t\t<div class=\"elementor-widget-container\">\n\t\t\t\t\t<h2 class=\"elementor-heading-title elementor-size-xl\">RTU ONLINE COURSE LEARNING PLATFORM\n<\/h2>\t\t\t\t<\/div>\n\t\t\t\t<\/div>\n\t\t\t\t\t<\/div>\n\t\t<\/div>\n\t\t\t\t\t<\/div>\n\t\t<\/section>\n\t\t\t\t<section class=\"elementor-section elementor-top-section elementor-element elementor-element-f9a822e elementor-section-boxed elementor-section-height-default elementor-section-height-default\" data-id=\"f9a822e\" data-element_type=\"section\" data-e-type=\"section\">\n\t\t\t\t\t\t<div class=\"elementor-container elementor-column-gap-default\">\n\t\t\t\t\t<div class=\"elementor-column elementor-col-100 elementor-top-column elementor-element elementor-element-8a13c6e\" data-id=\"8a13c6e\" data-element_type=\"column\" data-e-type=\"column\">\n\t\t\t<div class=\"elementor-widget-wrap elementor-element-populated\">\n\t\t\t\t\t\t<section class=\"elementor-section elementor-inner-section elementor-element elementor-element-b3ea34a elementor-section-boxed elementor-section-height-default elementor-section-height-default\" data-id=\"b3ea34a\" data-element_type=\"section\" data-e-type=\"section\">\n\t\t\t\t\t\t<div class=\"elementor-container elementor-column-gap-default\">\n\t\t\t\t\t<div class=\"elementor-column elementor-col-100 elementor-inner-column elementor-element elementor-element-2e0258b\" data-id=\"2e0258b\" data-element_type=\"column\" data-e-type=\"column\">\n\t\t\t<div class=\"elementor-widget-wrap elementor-element-populated\">\n\t\t\t\t\t\t<div class=\"elementor-element elementor-element-2373725 elementor-widget elementor-widget-text-editor\" data-id=\"2373725\" data-element_type=\"widget\" data-e-type=\"widget\" data-widget_type=\"text-editor.default\">\n\t\t\t\t<div class=\"elementor-widget-container\">\n\t\t\t\t\t\t\t\t\t<p><strong>MOOC courses are interactive additional educational materials for RTU students and anyone interested, regardless of previous education and experience.<\/strong><\/p><p>All available MOOC courses are free for everyone. At the end of the course you will receive a confirmation that you have listened to it. Take a look at the courses and start gaining new knowledge!<\/p><p>Currently, all courses and their materials are in English.<\/p><p>Course lectures can be stopped at any time, watched from the beginning or repeated. At the end of the course, it is possible to receive a certificate upon successful completion, or listen to lectures and broaden your horizons. The courses are divided into several parts &#8211; theory, videos and tests. To pass the course, the user must pass all available tests.<\/p><p>Sign up now!<\/p>\t\t\t\t\t\t\t\t<\/div>\n\t\t\t\t<\/div>\n\t\t\t\t\t<\/div>\n\t\t<\/div>\n\t\t\t\t\t<\/div>\n\t\t<\/section>\n\t\t\t\t\t<\/div>\n\t\t<\/div>\n\t\t\t\t\t<\/div>\n\t\t<\/section>\n\t\t\t\t<section class=\"elementor-section elementor-top-section elementor-element elementor-element-bd4653b elementor-section-boxed elementor-section-height-default elementor-section-height-default\" data-id=\"bd4653b\" data-element_type=\"section\" data-e-type=\"section\">\n\t\t\t\t\t\t<div class=\"elementor-container elementor-column-gap-default\">\n\t\t\t\t\t<div class=\"elementor-column elementor-col-100 elementor-top-column elementor-element elementor-element-202d07e\" data-id=\"202d07e\" data-element_type=\"column\" data-e-type=\"column\">\n\t\t\t<div class=\"elementor-widget-wrap elementor-element-populated\">\n\t\t\t\t\t\t<div class=\"elementor-element elementor-element-60b8192 eael-infobox-content-align--center eael-infobox-icon-bg-shape-none eael-infobox-icon-hover-bg-shape-none elementor-widget elementor-widget-eael-info-box\" data-id=\"60b8192\" data-element_type=\"widget\" data-e-type=\"widget\" data-widget_type=\"eael-info-box.default\">\n\t\t\t\t<div class=\"elementor-widget-container\">\n\t\t\t\t\t        <div class=\"eael-infobox icon-on-top\">\n\t            <div class=\"infobox-icon eael-icon-only\">\n\n            \n                            <div class=\"infobox-icon-wrap\">\n                    <i aria-hidden=\"true\" class=\"fas fa-info-circle\"><\/i>                <\/div>\n            \n            \n        <\/div>\n            <div class=\"infobox-content eael-icon-only\">\n        <div><p>INFORMATION FOR RTU STUDENTS<\/p><\/div>        <\/div>\n            <\/div>\n\n\t\t\t\t\t\t<\/div>\n\t\t\t\t<\/div>\n\t\t\t\t\t<\/div>\n\t\t<\/div>\n\t\t\t\t\t<\/div>\n\t\t<\/section>\n\t\t\t\t<section class=\"elementor-section elementor-top-section elementor-element elementor-element-13a12c0 elementor-section-boxed elementor-section-height-default elementor-section-height-default\" data-id=\"13a12c0\" data-element_type=\"section\" data-e-type=\"section\">\n\t\t\t\t\t\t<div class=\"elementor-container elementor-column-gap-default\">\n\t\t\t\t\t<div class=\"elementor-column elementor-col-100 elementor-top-column elementor-element elementor-element-42785aa\" data-id=\"42785aa\" data-element_type=\"column\" data-e-type=\"column\">\n\t\t\t<div class=\"elementor-widget-wrap elementor-element-populated\">\n\t\t\t\t\t\t<section class=\"elementor-section elementor-inner-section elementor-element elementor-element-11db9c8 elementor-section-boxed elementor-section-height-default elementor-section-height-default\" data-id=\"11db9c8\" data-element_type=\"section\" data-e-type=\"section\">\n\t\t\t\t\t\t<div class=\"elementor-container elementor-column-gap-default\">\n\t\t\t\t\t<div class=\"elementor-column elementor-col-100 elementor-inner-column elementor-element elementor-element-6a91667\" data-id=\"6a91667\" data-element_type=\"column\" data-e-type=\"column\">\n\t\t\t<div class=\"elementor-widget-wrap elementor-element-populated\">\n\t\t\t\t\t\t<div class=\"elementor-element elementor-element-a6c97f3 elementor-widget elementor-widget-text-editor\" data-id=\"a6c97f3\" data-element_type=\"widget\" data-e-type=\"widget\" data-widget_type=\"text-editor.default\">\n\t\t\t\t<div class=\"elementor-widget-container\">\n\t\t\t\t\t\t\t\t\t<p>Platform\u0101 mooc.rtu.lv ir pieejami MOOC studiju kursi, kurus studenti var apg\u016bt patst\u0101v\u012bgi att\u0101lin\u0101t\u0101 form\u0101t\u0101 un sa\u0146emt KP.<\/p><p>MOOC kursus var apg\u016bt sev \u0113rt\u0101 laik\u0101 un viet\u0101. Lekcijas var p\u0101rtraukt jebkur\u0101 br\u012bd\u012b, s\u0101kt skat\u012bties no s\u0101kuma vai atk\u0101rtot. Lai s\u0101ktu apg\u016bt k\u0101du no MOOC kursiem, ir j\u0101re\u0123istr\u0113jas mooc.rtu.lv.<\/p><p>Lai veiksm\u012bgi nok\u0101rtotu kursu, studentam ir sekm\u012bgi j\u0101nok\u0101rto visi pieejamie testi (zem\u0101kais pie\u013caujamais v\u0113rt\u0113jums \u2013 &#8230;). Uz katru no testa jaut\u0101jumiem ir iesp\u0113ja atbild\u0113t tikai vienu reizi, t\u0101d\u0113\u013c ir j\u0101b\u016bt v\u0113r\u012bgam un uzman\u012bgam.<\/p>\t\t\t\t\t\t\t\t<\/div>\n\t\t\t\t<\/div>\n\t\t\t\t\t<\/div>\n\t\t<\/div>\n\t\t\t\t\t<\/div>\n\t\t<\/section>\n\t\t\t\t\t<\/div>\n\t\t<\/div>\n\t\t\t\t\t<\/div>\n\t\t<\/section>\n\t\t\t\t<section class=\"elementor-section elementor-top-section elementor-element elementor-element-cb1db8b elementor-section-full_width elementor-section-height-default elementor-section-height-default\" data-id=\"cb1db8b\" data-element_type=\"section\" data-e-type=\"section\">\n\t\t\t\t\t\t<div class=\"elementor-container elementor-column-gap-default\">\n\t\t\t\t\t<div class=\"elementor-column elementor-col-100 elementor-top-column elementor-element elementor-element-25be747\" data-id=\"25be747\" data-element_type=\"column\" data-e-type=\"column\">\n\t\t\t<div class=\"elementor-widget-wrap elementor-element-populated\">\n\t\t\t\t\t\t<div class=\"elementor-element elementor-element-a8b09d9 eael-infobox-content-align--center eael-infobox-icon-bg-shape-none eael-infobox-icon-hover-bg-shape-none elementor-widget elementor-widget-eael-info-box\" data-id=\"a8b09d9\" data-element_type=\"widget\" data-e-type=\"widget\" data-widget_type=\"eael-info-box.default\">\n\t\t\t\t<div class=\"elementor-widget-container\">\n\t\t\t\t\t        <div class=\"eael-infobox icon-on-top\">\n\t            <div class=\"infobox-icon eael-icon-only\">\n\n            \n                            <div class=\"infobox-icon-wrap\">\n                    <i aria-hidden=\"true\" class=\"fas fa-info-circle\"><\/i>                <\/div>\n            \n            \n        <\/div>\n            <div class=\"infobox-content eael-icon-only\">\n        <div><p>INFORMATION FOR OTHER PARTICIPANTS<\/p><\/div>        <\/div>\n            <\/div>\n\n\t\t\t\t\t\t<\/div>\n\t\t\t\t<\/div>\n\t\t\t\t\t<\/div>\n\t\t<\/div>\n\t\t\t\t\t<\/div>\n\t\t<\/section>\n\t\t\t\t<section class=\"elementor-section elementor-top-section elementor-element elementor-element-82c5a12 elementor-section-boxed elementor-section-height-default elementor-section-height-default\" data-id=\"82c5a12\" data-element_type=\"section\" data-e-type=\"section\">\n\t\t\t\t\t\t<div class=\"elementor-container elementor-column-gap-default\">\n\t\t\t\t\t<div class=\"elementor-column elementor-col-100 elementor-top-column elementor-element elementor-element-096d80e\" data-id=\"096d80e\" data-element_type=\"column\" data-e-type=\"column\">\n\t\t\t<div class=\"elementor-widget-wrap elementor-element-populated\">\n\t\t\t\t\t\t<div class=\"elementor-element elementor-element-6568afd elementor-widget elementor-widget-text-editor\" data-id=\"6568afd\" data-element_type=\"widget\" data-e-type=\"widget\" data-widget_type=\"text-editor.default\">\n\t\t\t\t<div class=\"elementor-widget-container\">\n\t\t\t\t\t\t\t\t\t<p>Platform\u0101 mooc.rtu.lv ir pieejami MOOC kursi, kurus ikviens var apg\u016bt patst\u0101v\u012bgi att\u0101lin\u0101t\u0101 form\u0101t\u0101 un papla\u0161in\u0101t savas zin\u0101\u0161anas.<\/p><p>MOOC kursus var apg\u016bt sev \u0113rt\u0101 laik\u0101 un viet\u0101. Lekcijas var p\u0101rtraukt jebkur\u0101 br\u012bd\u012b, s\u0101kt skat\u012bties no s\u0101kuma vai atk\u0101rtot. Lai s\u0101ktu apg\u016bt k\u0101du no MOOC kursiem, ir j\u0101re\u0123istr\u0113jas mooc.rtu.lv.<\/p><p>Lai veiksm\u012bgi apg\u016btu kursu, ir sekm\u012bgi j\u0101nok\u0101rto visi pieejamie testi (zem\u0101kais pie\u013caujamais v\u0113rt\u0113jums \u2013 &#8230;).<\/p><p>P\u0113c sekm\u012bgas kursa nok\u0101rto\u0161anas un kl\u0101tienes eks\u0101mena, ir iesp\u0113ja sa\u0146emt sertifik\u0101tu par kursa noklaus\u012b\u0161anos, kas var tikt piel\u012bdzin\u0101ts kred\u012btpunktiem m\u0101c\u012bbu iest\u0101d\u0113. Maksa par kl\u0101tienes eks\u0101mena k\u0101rto\u0161anu un sertifik\u0101ta sa\u0146em\u0161anu ir &#8230; EUR. Nor\u0113\u0137in\u0101\u0161an\u0101s notiks ar p\u0101rskait\u012bjumu pirms eks\u0101mena k\u0101rto\u0161anas.<\/p>\t\t\t\t\t\t\t\t<\/div>\n\t\t\t\t<\/div>\n\t\t\t\t<div class=\"elementor-element elementor-element-1ff2ec8 elementor-widget-divider--view-line elementor-widget elementor-widget-divider\" data-id=\"1ff2ec8\" data-element_type=\"widget\" data-e-type=\"widget\" data-widget_type=\"divider.default\">\n\t\t\t\t<div class=\"elementor-widget-container\">\n\t\t\t\t\t\t\t<div class=\"elementor-divider\">\n\t\t\t<span class=\"elementor-divider-separator\">\n\t\t\t\t\t\t<\/span>\n\t\t<\/div>\n\t\t\t\t\t\t<\/div>\n\t\t\t\t<\/div>\n\t\t\t\t\t<\/div>\n\t\t<\/div>\n\t\t\t\t\t<\/div>\n\t\t<\/section>\n\t\t\t\t<section class=\"elementor-section elementor-top-section elementor-element elementor-element-a715523 elementor-section-boxed elementor-section-height-default elementor-section-height-default\" data-id=\"a715523\" data-element_type=\"section\" data-e-type=\"section\">\n\t\t\t\t\t\t<div class=\"elementor-container elementor-column-gap-default\">\n\t\t\t\t\t<div class=\"elementor-column elementor-col-100 elementor-top-column elementor-element elementor-element-9771f28\" data-id=\"9771f28\" data-element_type=\"column\" data-e-type=\"column\">\n\t\t\t<div class=\"elementor-widget-wrap elementor-element-populated\">\n\t\t\t\t\t\t<div class=\"elementor-element elementor-element-2d7641d elementor-widget elementor-widget-heading\" data-id=\"2d7641d\" data-element_type=\"widget\" data-e-type=\"widget\" data-widget_type=\"heading.default\">\n\t\t\t\t<div class=\"elementor-widget-container\">\n\t\t\t\t\t<h2 class=\"elementor-heading-title elementor-size-default\">Apskati RTU MOOC kursus<\/h2>\t\t\t\t<\/div>\n\t\t\t\t<\/div>\n\t\t\t\t<section class=\"elementor-section elementor-inner-section elementor-element elementor-element-e2952ba elementor-section-boxed elementor-section-height-default elementor-section-height-default\" data-id=\"e2952ba\" data-element_type=\"section\" data-e-type=\"section\">\n\t\t\t\t\t\t<div class=\"elementor-container elementor-column-gap-default\">\n\t\t\t\t\t<div class=\"elementor-column elementor-col-100 elementor-inner-column elementor-element elementor-element-aaab644\" data-id=\"aaab644\" data-element_type=\"column\" data-e-type=\"column\">\n\t\t\t<div class=\"elementor-widget-wrap elementor-element-populated\">\n\t\t\t\t\t\t<div class=\"elementor-element elementor-element-97a1eee elementor--h-position-center elementor--v-position-middle elementor-arrows-position-inside elementor-pagination-position-inside elementor-widget elementor-widget-slides\" data-id=\"97a1eee\" data-element_type=\"widget\" data-e-type=\"widget\" data-settings=\"{&quot;navigation&quot;:&quot;both&quot;,&quot;autoplay&quot;:&quot;yes&quot;,&quot;pause_on_hover&quot;:&quot;yes&quot;,&quot;pause_on_interaction&quot;:&quot;yes&quot;,&quot;autoplay_speed&quot;:5000,&quot;infinite&quot;:&quot;yes&quot;,&quot;transition&quot;:&quot;slide&quot;,&quot;transition_speed&quot;:500}\" data-widget_type=\"slides.default\">\n\t\t\t\t<div class=\"elementor-widget-container\">\n\t\t\t\t\t\t\t\t\t<div class=\"elementor-swiper\">\n\t\t\t\t\t<div class=\"elementor-slides-wrapper elementor-main-swiper swiper\" role=\"region\" aria-roledescription=\"carousel\" aria-label=\"Slides\" dir=\"ltr\" data-animation=\"fadeInUp\">\n\t\t\t\t<div class=\"swiper-wrapper elementor-slides\">\n\t\t\t\t\t\t\t\t\t\t<div class=\"elementor-repeater-item-d7712cb swiper-slide\" role=\"group\" aria-roledescription=\"slide\"><div class=\"swiper-slide-bg\"><\/div><div class=\"swiper-slide-inner\" ><div class=\"swiper-slide-contents\"><div class=\"elementor-slide-heading\">Introduction to Linguistics<\/div><div class=\"elementor-slide-description\">Basics for language service providers, translators, or language teachers and anyone interested in the way language works.<\/div><a href=\"https:\/\/moocwp.rtu.lv\/courses\/introduction-to-linguistics\/#learndash-course-content\" class=\"elementor-button elementor-slide-button elementor-size-sm\">Las\u012bt vair\u0101k<\/a><\/div><\/div><\/div><div class=\"elementor-repeater-item-b42c20f swiper-slide\" role=\"group\" aria-roledescription=\"slide\"><div class=\"swiper-slide-bg\"><\/div><div class=\"swiper-slide-inner\" ><div class=\"swiper-slide-contents\"><div class=\"elementor-slide-heading\">Telecommunications and Computer Networks<\/div><div class=\"elementor-slide-description\">Learn to design, secure and maintain real telecommunications systems using open-source tools.<\/div><a href=\"https:\/\/moocwp.rtu.lv\/courses\/telecommunications-and-computer-networks\/\" class=\"elementor-button elementor-slide-button elementor-size-sm\">Las\u012bt vair\u0101k<\/a><\/div><\/div><\/div><div class=\"elementor-repeater-item-1bb1fce swiper-slide\" role=\"group\" aria-roledescription=\"slide\"><div class=\"swiper-slide-bg\"><\/div><div class=\"swiper-slide-inner\" ><div class=\"swiper-slide-contents\"><div class=\"elementor-slide-heading\">AI: Search and Its Applications<\/div><div class=\"elementor-slide-description\">The classic basics of artificial intelligence for anyone.<\/div><a href=\"https:\/\/moocwp.rtu.lv\/courses\/basics-of-artificial-intelligence\/\" class=\"elementor-button elementor-slide-button elementor-size-sm\">Las\u012bt vair\u0101k<\/a><\/div><\/div><\/div>\t\t\t\t<\/div>\n\t\t\t\t\t\t\t\t\t\t\t\t\t\t\t<div class=\"elementor-swiper-button elementor-swiper-button-prev\" role=\"button\" tabindex=\"0\" aria-label=\"Previous slide\">\n\t\t\t\t\t\t\t<i aria-hidden=\"true\" class=\"eicon-chevron-left\"><\/i>\t\t\t\t\t\t<\/div>\n\t\t\t\t\t\t<div class=\"elementor-swiper-button elementor-swiper-button-next\" role=\"button\" tabindex=\"0\" aria-label=\"Next slide\">\n\t\t\t\t\t\t\t<i aria-hidden=\"true\" class=\"eicon-chevron-right\"><\/i>\t\t\t\t\t\t<\/div>\n\t\t\t\t\t\t\t\t\t\t\t\t\t\t\t\t<div class=\"swiper-pagination\"><\/div>\n\t\t\t\t\t\t\t\t\t\t\t\t<\/div>\n\t\t\t\t<\/div>\n\t\t\t\t\t\t\t\t<\/div>\n\t\t\t\t<\/div>\n\t\t\t\t\t<\/div>\n\t\t<\/div>\n\t\t\t\t\t<\/div>\n\t\t<\/section>\n\t\t\t\t\t<\/div>\n\t\t<\/div>\n\t\t\t\t\t<\/div>\n\t\t<\/section>\n\t\t\t\t<\/div>\n\t\t","protected":false},"excerpt":{"rendered":"<p>RTU ONLINE COURSE LEARNING PLATFORM MOOC courses are interactive additional educational materials for RTU students and anyone interested, regardless of previous education and experience. All&hellip;<\/p>\n","protected":false},"author":1,"featured_media":0,"parent":0,"menu_order":0,"comment_status":"closed","ping_status":"closed","template":"page-fullwidth-content.php","meta":{"footnotes":""},"class_list":["post-5874","page","type-page","status-publish","hentry"],"_links":{"self":[{"href":"https:\/\/mooc.rtu.lv\/lv\/wp-json\/wp\/v2\/pages\/5874","targetHints":{"allow":["GET"]}}],"collection":[{"href":"https:\/\/mooc.rtu.lv\/lv\/wp-json\/wp\/v2\/pages"}],"about":[{"href":"https:\/\/mooc.rtu.lv\/lv\/wp-json\/wp\/v2\/types\/page"}],"author":[{"embeddable":true,"href":"https:\/\/mooc.rtu.lv\/lv\/wp-json\/wp\/v2\/users\/1"}],"replies":[{"embeddable":true,"href":"https:\/\/mooc.rtu.lv\/lv\/wp-json\/wp\/v2\/comments?post=5874"}],"version-history":[{"count":63,"href":"https:\/\/mooc.rtu.lv\/lv\/wp-json\/wp\/v2\/pages\/5874\/revisions"}],"predecessor-version":[{"id":6844,"href":"https:\/\/mooc.rtu.lv\/lv\/wp-json\/wp\/v2\/pages\/5874\/revisions\/6844"}],"wp:attachment":[{"href":"https:\/\/mooc.rtu.lv\/lv\/wp-json\/wp\/v2\/media?parent=5874"}],"curies":[{"name":"wp","href":"https:\/\/api.w.org\/{rel}","templated":true}]}}